{"id":1092,"date":"2011-03-11T09:44:44","date_gmt":"2011-03-11T07:44:44","guid":{"rendered":"http:\/\/www.laurentmarot.fr\/wordpress\/?page_id=1092"},"modified":"2011-10-10T18:31:49","modified_gmt":"2011-10-10T16:31:49","slug":"herve-dufoix-remplace-par-alain-guillou-a-la-drh","status":"publish","type":"page","link":"https:\/\/www.laurentmarot.fr\/wordpress\/?page_id=1092","title":{"rendered":"Herv\u00e9 Dufoix remplac\u00e9 par Alain Guillou \u00e0 la DRH"},"content":{"rendered":"<div>\n<div id=\"attachment_1098\" style=\"width: 158px\" class=\"wp-caption alignleft\"><a href=\"http:\/\/www.laurentmarot.fr\/wordpress\/wp-content\/uploads\/2011\/03\/logoalainguillou.jpg\" rel=\"lightbox[1092]\"><img loading=\"lazy\" decoding=\"async\" aria-describedby=\"caption-attachment-1098\" class=\"size-full wp-image-1098\" title=\"Alain Guillou (DGA)\" src=\"http:\/\/www.laurentmarot.fr\/wordpress\/wp-content\/uploads\/2011\/03\/logoalainguillou.jpg\" alt=\"Alain Guillou (DGA)\" width=\"148\" height=\"161\" \/><\/a><p id=\"caption-attachment-1098\" class=\"wp-caption-text\">Alain Guillou (DGA)<\/p><\/div>\n<p>Selon les informations de Mer &amp; Marine, Alain Guillou quitterait la direction des  ressources humaines de la Direction G\u00e9n\u00e9rale de l&rsquo;Armement (DGA) pour  celle de DCNS. Il remplacerait, \u00e0 compter du 1<sup>er<\/sup> juillet, Herv\u00e9 Dufoix,  qui assurait la fonction de DRH du groupe naval depuis trois ans. C&rsquo;est  donc un homme du s\u00e9rail que DCNS aurait choisi pour succ\u00e9der \u00e0 Herv\u00e9  Dufoix. Ing\u00e9nieur de l&rsquo;armement, Alain Guillou a fait ses armes au sein  de l&rsquo;ancienne Direction des Constructions Navales (DCN), rejoignant  l&rsquo;\u00e9tablissement de Lorient en 1984. Entr\u00e9 \u00e0 la DGA en 1996, il \u00e9tait, de  2004 \u00e0 2007, le conseiller aux affaires sociales de Mich\u00e8le  Alliot-Marie lorsqu&rsquo;elle \u00e9tait ministre de la D\u00e9fense, p\u00e9riode durant  laquelle les anciens arsenaux se sont rapproch\u00e9s de Thales. Puis il est  revenu \u00e0 la DGA en 2007 pour prendre les fonctions de directeur des  ressources humaines.  Alain Guillou est donc \u00e0 la fois un ancien de la  maison, ainsi qu&rsquo;un fin connaisseur des arcanes minist\u00e9riels.<\/p>\n<div id=\"attachment_1096\" style=\"width: 310px\" class=\"wp-caption alignleft\"><a href=\"http:\/\/www.laurentmarot.fr\/wordpress\/wp-content\/uploads\/2011\/03\/31602.jpg\" rel=\"lightbox[1092]\"><img loading=\"lazy\" decoding=\"async\" aria-describedby=\"caption-attachment-1096\" class=\"size-medium wp-image-1096\" title=\"Herv\u00e9 Dufoix (DCNS)\" src=\"http:\/\/www.laurentmarot.fr\/wordpress\/wp-content\/uploads\/2011\/03\/31602-300x233.jpg\" alt=\"Herv\u00e9 Dufoix (DCNS)\" width=\"300\" height=\"233\" srcset=\"https:\/\/www.laurentmarot.fr\/wordpress\/wp-content\/uploads\/2011\/03\/31602-300x233.jpg 300w, https:\/\/www.laurentmarot.fr\/wordpress\/wp-content\/uploads\/2011\/03\/31602.jpg 386w\" sizes=\"(max-width: 300px) 100vw, 300px\" \/><\/a><p id=\"caption-attachment-1096\" class=\"wp-caption-text\">Herv\u00e9 Dufoix (DCNS)<\/p><\/div>\n<p>Quant \u00e0  Herv\u00e9 Dufoix, plut\u00f4t appr\u00e9ci\u00e9 des partenaires sociaux chez DCNS, son  d\u00e9part a \u00e9t\u00e9 annonc\u00e9 en janvier. Apr\u00e8s trois ans pass\u00e9s au sein de  l&rsquo;industriel fran\u00e7ais, qui a connu une tr\u00e8s importante mutation depuis  son changement de statut en 2003 et sa privatisation partielle en 2007,  Herv\u00e9 Dufoix souhaite changer d&rsquo;horizon. Avant DCNS, sa carri\u00e8re l&rsquo;a  men\u00e9 chez Rh\u00f4ne-Poulenc, Aventis et Thales. Arriv\u00e9 chez l&rsquo;\u00e9lectronicien  en 2000, il avait assur\u00e9, de 2004 \u00e0 2007, les fonctions de DRH de la  Division Terres et Interarm\u00e9es de Thales.<\/p>\n<\/div>\n<div>Ah ben zut va falloir que je lui envoie mon CV, vu que madame Franceschini n&rsquo;en a pas voulu\u00a0 \ud83d\ude42<\/div>\n<div>D&rsquo;apr\u00e8s l&rsquo;article de <a title=\"de Dufoix \u00e0 Guilloux\" href=\"http:\/\/www.meretmarine.com\/article.cfm?id=115591\" target=\"_blank\">Mer &amp; Marine<\/a><\/div>\n\n","protected":false},"excerpt":{"rendered":"<p>Selon les informations de Mer &amp; Marine, Alain Guillou quitterait la direction des ressources humaines de la Direction G\u00e9n\u00e9rale de l&rsquo;Armement (DGA) pour celle de DCNS. Il remplacerait, \u00e0 compter du 1er juillet, Herv\u00e9 Dufoix, qui assurait la fonction de DRH du groupe naval depuis trois ans. C&rsquo;est donc un homme du s\u00e9rail que DCNS [&hellip;]<\/p>\n","protected":false},"author":1,"featured_media":0,"parent":792,"menu_order":0,"comment_status":"open","ping_status":"open","template":"","meta":{"footnotes":""},"_links":{"self":[{"href":"https:\/\/www.laurentmarot.fr\/wordpress\/index.php?rest_route=\/wp\/v2\/pages\/1092"}],"collection":[{"href":"https:\/\/www.laurentmarot.fr\/wordpress\/index.php?rest_route=\/wp\/v2\/pages"}],"about":[{"href":"https:\/\/www.laurentmarot.fr\/wordpress\/index.php?rest_route=\/wp\/v2\/types\/page"}],"author":[{"embeddable":true,"href":"https:\/\/www.laurentmarot.fr\/wordpress\/index.php?rest_route=\/wp\/v2\/users\/1"}],"replies":[{"embeddable":true,"href":"https:\/\/www.laurentmarot.fr\/wordpress\/index.php?rest_route=%2Fwp%2Fv2%2Fcomments&post=1092"}],"version-history":[{"count":8,"href":"https:\/\/www.laurentmarot.fr\/wordpress\/index.php?rest_route=\/wp\/v2\/pages\/1092\/revisions"}],"predecessor-version":[{"id":1095,"href":"https:\/\/www.laurentmarot.fr\/wordpress\/index.php?rest_route=\/wp\/v2\/pages\/1092\/revisions\/1095"}],"up":[{"embeddable":true,"href":"https:\/\/www.laurentmarot.fr\/wordpress\/index.php?rest_route=\/wp\/v2\/pages\/792"}],"wp:attachment":[{"href":"https:\/\/www.laurentmarot.fr\/wordpress\/index.php?rest_route=%2Fwp%2Fv2%2Fmedia&parent=1092"}],"curies":[{"name":"wp","href":"https:\/\/api.w.org\/{rel}","templated":true}]}}