{"id":1294,"date":"2011-07-07T08:57:42","date_gmt":"2011-07-07T06:57:42","guid":{"rendered":"http:\/\/www.laurentmarot.fr\/wordpress\/?page_id=1294"},"modified":"2011-07-07T09:07:40","modified_gmt":"2011-07-07T07:07:40","slug":"un-nouveau-drh-pour-dcns","status":"publish","type":"page","link":"https:\/\/www.laurentmarot.fr\/wordpress\/?page_id=1294","title":{"rendered":"Un nouveau DRH pour DCNS"},"content":{"rendered":"<div id=\"attachment_1296\" style=\"width: 296px\" class=\"wp-caption alignleft\"><a href=\"http:\/\/www.laurentmarot.fr\/wordpress\/wp-content\/uploads\/2011\/07\/34769.jpg\" rel=\"lightbox[1294]\"><img loading=\"lazy\" decoding=\"async\" aria-describedby=\"caption-attachment-1296\" class=\"size-medium wp-image-1296 \" title=\"Alain Guillou (DCNS) \" src=\"http:\/\/www.laurentmarot.fr\/wordpress\/wp-content\/uploads\/2011\/07\/34769-286x300.jpg\" alt=\"Alain Guillou (DCNS) \" width=\"286\" height=\"300\" srcset=\"https:\/\/www.laurentmarot.fr\/wordpress\/wp-content\/uploads\/2011\/07\/34769-286x300.jpg 286w, https:\/\/www.laurentmarot.fr\/wordpress\/wp-content\/uploads\/2011\/07\/34769.jpg 500w\" sizes=\"(max-width: 286px) 100vw, 286px\" \/><\/a><p id=\"caption-attachment-1296\" class=\"wp-caption-text\">Alain Guillou (DCNS) <\/p><\/div>\n<p>Comme <a title=\"Alain Guillou nouveau DRH de DCNS\" href=\"http:\/\/www.laurentmarot.fr\/wordpress\/?page_id=1092\">annonc\u00e9 en mars<\/a>, c&rsquo;est donc bien <strong>Alain Guillou<\/strong>, jusqu&rsquo;ici Directeur des Ressources Humaines de la DGA, qui succ\u00e8de \u00e0<strong> Herv\u00e9 Dufoix<\/strong> chez DCNS.<\/p>\n<p>Un retour aux sources pour le nouveau DRH, puisque cet ing\u00e9nieur g\u00e9n\u00e9ral de l&rsquo;armement (hors classe), dipl\u00f4m\u00e9 de l&rsquo;Ecole nationale sup\u00e9rieure des \u00e9tudes et techniques de l&rsquo;armement et de l&rsquo;Insead, a d\u00e9but\u00e9 sa carri\u00e8re au sein des anciens arsenaux en 1984. Ce n&rsquo;\u00e9tait alors pas le groupe que l&rsquo;on connait aujourd&rsquo;hui mais la Direction des Constructions et Armes Navales (DCAN), administration d\u00e9pendant du minist\u00e8re de la D\u00e9fense. Rattach\u00e9 \u00e0 l&rsquo;\u00e9tablissement de Lorient, le jeune ing\u00e9nieur, alors \u00e2g\u00e9 de 25 ans (n\u00e9 en 1959), a contribu\u00e9 notamment \u00e0 concevoir et mettre en \u0153uvre les m\u00e9thodes de construction modulaire des fr\u00e9gates.<\/p>\n<p>Puis il a ensuite occup\u00e9 successivement les fonctions de charg\u00e9 de mission \u00ab m\u00e9thodes industrielles \u00bb aupr\u00e8s du directeur du centre en 1988 et chef du service commercial en 1991.<br \/>\nIl rejoint en 1994 l&rsquo;administration centrale de la D\u00e9l\u00e9gation G\u00e9n\u00e9rale pour l&rsquo;Armement (DGA) pour y occuper des responsabilit\u00e9s tr\u00e8s vari\u00e9es, couvrant successivement l&rsquo;organisation, la strat\u00e9gie, les achats, les syst\u00e8mes d&rsquo;information, la coop\u00e9ration internationale et les centres d&rsquo;expertise et d&rsquo;essais.<br \/>\nEn 2003, il est nomm\u00e9 charg\u00e9 de mission \u00ab conduite du changement \u00bb aupr\u00e8s du d\u00e9l\u00e9gu\u00e9 g\u00e9n\u00e9ral pour l&rsquo;armement avant de rejoindre, en 2004, le cabinet du ministre de la D\u00e9fense en tant que conseiller social.<\/p>\n<p>Il retournera \u00e0 la DGA en 2007 pour en devenir le directeur des ressources humaines.<br \/>\nS&rsquo;il a mon num\u00e9ro de mobile, il peut m&rsquo;appeler, m\u00eame pendant mes vacances \ud83d\ude42<\/p>\n<p>Article emprunt\u00e9 \u00e0 l&rsquo;excellent site <a title=\"Alain Guillou nouveau DRH DCNS\" href=\"http:\/\/www.meretmarine.com\/article.cfm?id=116782\" target=\"_blank\">Mer&amp;Marine<\/a>.<\/p>\n<p>&nbsp;<\/p>\n\n","protected":false},"excerpt":{"rendered":"<p>Comme annonc\u00e9 en mars, c&rsquo;est donc bien Alain Guillou, jusqu&rsquo;ici Directeur des Ressources Humaines de la DGA, qui succ\u00e8de \u00e0 Herv\u00e9 Dufoix chez DCNS. Un retour aux sources pour le nouveau DRH, puisque cet ing\u00e9nieur g\u00e9n\u00e9ral de l&rsquo;armement (hors classe), dipl\u00f4m\u00e9 de l&rsquo;Ecole nationale sup\u00e9rieure des \u00e9tudes et techniques de l&rsquo;armement et de l&rsquo;Insead, a [&hellip;]<\/p>\n","protected":false},"author":1,"featured_media":0,"parent":792,"menu_order":0,"comment_status":"open","ping_status":"open","template":"","meta":{"footnotes":""},"_links":{"self":[{"href":"https:\/\/www.laurentmarot.fr\/wordpress\/index.php?rest_route=\/wp\/v2\/pages\/1294"}],"collection":[{"href":"https:\/\/www.laurentmarot.fr\/wordpress\/index.php?rest_route=\/wp\/v2\/pages"}],"about":[{"href":"https:\/\/www.laurentmarot.fr\/wordpress\/index.php?rest_route=\/wp\/v2\/types\/page"}],"author":[{"embeddable":true,"href":"https:\/\/www.laurentmarot.fr\/wordpress\/index.php?rest_route=\/wp\/v2\/users\/1"}],"replies":[{"embeddable":true,"href":"https:\/\/www.laurentmarot.fr\/wordpress\/index.php?rest_route=%2Fwp%2Fv2%2Fcomments&post=1294"}],"version-history":[{"count":7,"href":"https:\/\/www.laurentmarot.fr\/wordpress\/index.php?rest_route=\/wp\/v2\/pages\/1294\/revisions"}],"predecessor-version":[{"id":1298,"href":"https:\/\/www.laurentmarot.fr\/wordpress\/index.php?rest_route=\/wp\/v2\/pages\/1294\/revisions\/1298"}],"up":[{"embeddable":true,"href":"https:\/\/www.laurentmarot.fr\/wordpress\/index.php?rest_route=\/wp\/v2\/pages\/792"}],"wp:attachment":[{"href":"https:\/\/www.laurentmarot.fr\/wordpress\/index.php?rest_route=%2Fwp%2Fv2%2Fmedia&parent=1294"}],"curies":[{"name":"wp","href":"https:\/\/api.w.org\/{rel}","templated":true}]}}