{"id":1492,"date":"2011-10-10T18:26:47","date_gmt":"2011-10-10T16:26:47","guid":{"rendered":"http:\/\/www.laurentmarot.fr\/wordpress\/?page_id=1492"},"modified":"2011-10-10T18:30:46","modified_gmt":"2011-10-10T16:30:46","slug":"un-nouveau-directeur-administratif-et-financier-pour-dcns","status":"publish","type":"page","link":"https:\/\/www.laurentmarot.fr\/wordpress\/?page_id=1492","title":{"rendered":"Un nouveau directeur administratif et financier pour DCNS"},"content":{"rendered":"<div id=\"attachment_1495\" style=\"width: 310px\" class=\"wp-caption alignleft\"><a href=\"http:\/\/www.laurentmarot.fr\/wordpress\/wp-content\/uploads\/2011\/10\/36903.jpg\" rel=\"lightbox[1492]\"><img loading=\"lazy\" decoding=\"async\" aria-describedby=\"caption-attachment-1495\" class=\"size-medium wp-image-1495\" title=\"Christophe Caudrelier\" src=\"http:\/\/www.laurentmarot.fr\/wordpress\/wp-content\/uploads\/2011\/10\/36903-300x214.jpg\" alt=\"Christophe Caudrelier\" width=\"300\" height=\"214\" srcset=\"https:\/\/www.laurentmarot.fr\/wordpress\/wp-content\/uploads\/2011\/10\/36903-300x214.jpg 300w, https:\/\/www.laurentmarot.fr\/wordpress\/wp-content\/uploads\/2011\/10\/36903.jpg 500w\" sizes=\"(max-width: 300px) 100vw, 300px\" \/><\/a><p id=\"caption-attachment-1495\" class=\"wp-caption-text\">Christophe Caudrelier<\/p><\/div>\n<p>Christophe Caudrelier prend la barre de la direction administrative et financi\u00e8re de DCNS. Devenant par la m\u00eame occasion membre du comit\u00e9 ex\u00e9cutif du groupe naval, le nouveau \u00ab DAF \u00bb est rattach\u00e9 \u00e0 Bernard Huet, directeur g\u00e9n\u00e9ral de DCNS. Il succ\u00e8de \u00e0 St\u00e9phane Lhopiteau, qui occupait ce poste depuis juin 2008 et s&rsquo;en va chez Thales.<br \/>\nN\u00e9 en 1968, Christophe Caudrelier est dipl\u00f4m\u00e9 de l&rsquo;Ecole Sup\u00e9rieure de Commerce de Paris, promotion 1990. Il a d\u00e9but\u00e9 sa carri\u00e8re l&rsquo;ann\u00e9e suivante chez Arthur Andersen en tant qu&rsquo;Auditeur externe, principalement charg\u00e9 des missions d&rsquo;audits et de commissariat aux comptes dans les domaines de l&rsquo;industrie de grande consommation, de la publicit\u00e9 et des assurances. En 1994, il rejoint Valeo, d&rsquo;abord comme contr\u00f4leur financier et responsable logistique de la division Syst\u00e8mes Electriques en Grande Bretagne, puis, entre avril 1996 et octobre 2004, comme  contr\u00f4leur financier de diverses entit\u00e9s op\u00e9rationnelles du groupe. Christophe Caudrelier a occup\u00e9 ensuite le poste de directeur financier de la branche Syst\u00e8mes Electriques de Valeo, jusqu&rsquo;en juin 2006, puis de la branche Eclairage et Signalisation jusqu&rsquo;\u00e0 fin d\u00e9cembre 2009. Il occupait depuis janvier 2010 le poste de directeur financier du p\u00f4le Syst\u00e8mes de Propulsion de Valeo.<\/p>\n\n","protected":false},"excerpt":{"rendered":"<p>Christophe Caudrelier prend la barre de la direction administrative et financi\u00e8re de DCNS. Devenant par la m\u00eame occasion membre du comit\u00e9 ex\u00e9cutif du groupe naval, le nouveau \u00ab DAF \u00bb est rattach\u00e9 \u00e0 Bernard Huet, directeur g\u00e9n\u00e9ral de DCNS. Il succ\u00e8de \u00e0 St\u00e9phane Lhopiteau, qui occupait ce poste depuis juin 2008 et s&rsquo;en va chez [&hellip;]<\/p>\n","protected":false},"author":1,"featured_media":0,"parent":792,"menu_order":0,"comment_status":"open","ping_status":"open","template":"","meta":{"footnotes":""},"_links":{"self":[{"href":"https:\/\/www.laurentmarot.fr\/wordpress\/index.php?rest_route=\/wp\/v2\/pages\/1492"}],"collection":[{"href":"https:\/\/www.laurentmarot.fr\/wordpress\/index.php?rest_route=\/wp\/v2\/pages"}],"about":[{"href":"https:\/\/www.laurentmarot.fr\/wordpress\/index.php?rest_route=\/wp\/v2\/types\/page"}],"author":[{"embeddable":true,"href":"https:\/\/www.laurentmarot.fr\/wordpress\/index.php?rest_route=\/wp\/v2\/users\/1"}],"replies":[{"embeddable":true,"href":"https:\/\/www.laurentmarot.fr\/wordpress\/index.php?rest_route=%2Fwp%2Fv2%2Fcomments&post=1492"}],"version-history":[{"count":3,"href":"https:\/\/www.laurentmarot.fr\/wordpress\/index.php?rest_route=\/wp\/v2\/pages\/1492\/revisions"}],"predecessor-version":[{"id":1494,"href":"https:\/\/www.laurentmarot.fr\/wordpress\/index.php?rest_route=\/wp\/v2\/pages\/1492\/revisions\/1494"}],"up":[{"embeddable":true,"href":"https:\/\/www.laurentmarot.fr\/wordpress\/index.php?rest_route=\/wp\/v2\/pages\/792"}],"wp:attachment":[{"href":"https:\/\/www.laurentmarot.fr\/wordpress\/index.php?rest_route=%2Fwp%2Fv2%2Fmedia&parent=1492"}],"curies":[{"name":"wp","href":"https:\/\/api.w.org\/{rel}","templated":true}]}}