{"id":2,"date":"2008-08-07T16:33:38","date_gmt":"2008-08-07T14:33:38","guid":{"rendered":"http:\/\/www.laurentmarot.fr\/wordpress-2.6\/wordpress\/?page_id=2"},"modified":"2011-12-08T23:57:32","modified_gmt":"2011-12-08T21:57:32","slug":"about","status":"publish","type":"page","link":"https:\/\/www.laurentmarot.fr\/wordpress\/?page_id=2","title":{"rendered":"A propos de LauMarot&#8230;"},"content":{"rendered":"<div id=\"attachment_483\" style=\"width: 95px\" class=\"wp-caption alignleft\"><img loading=\"lazy\" decoding=\"async\" aria-describedby=\"caption-attachment-483\" class=\"size-full wp-image-483  \" title=\"Il n'a pas l'air fin le gars...\" src=\"http:\/\/www.laurentmarot.fr\/wordpress-2.6\/wordpress\/wp-content\/uploads\/2008\/08\/lm.jpg\" alt=\"Il n'a pas l'air fin le gars... et il ne l'est pas :-)\" width=\"85\" height=\"92\" \/><p id=\"caption-attachment-483\" class=\"wp-caption-text\">Il n&#39;a pas l&#39;air fin le gars...<\/p><\/div>\n<p>Laurent Marot de la Morini\u00e8re &#8211; Lostihuel Braz<\/p>\n<p>Apprenti blogueur pas tr\u00e8s loin du Golfe<\/p>\n<p>Chef de projet chez <a title=\"Alliacom\" href=\"http:\/\/www.alliacom.com\" target=\"_blank\">Alliacom<\/a><\/p>\n<p>Agriculteur \u00e0 temps partiel<\/p>\n<p>R\u00e9serviste <a href=\"http:\/\/www.ecole-navale.fr\/_MAROT-Laurent_.html\" target=\"_blank\">Marine Nationale<\/a><\/p>\n<p>&nbsp;<\/p>\n<p>Mon CV: <a href=\"http:\/\/www.laurentmarot.fr\/wordpress\/wp-content\/uploads\/2008\/08\/lm_02_2011_filtre.docx\"><img decoding=\"async\" class=\"size-full wp-image-905   alignnone\" title=\"Document Word\" src=\"http:\/\/www.laurentmarot.fr\/wordpress\/wp-content\/uploads\/2008\/08\/word.png\" alt=\"Document Word\" \/><\/a> <a href=\"http:\/\/www.laurentmarot.fr\/wordpress\/wp-content\/uploads\/2008\/08\/lm_02_2011_filtre.docx\"><img loading=\"lazy\" decoding=\"async\" title=\"Fichier PDF\" src=\"http:\/\/www.laurentmarot.fr\/wordpress\/wp-content\/uploads\/2008\/08\/Pdf.png\" alt=\"Fichier PDF\" width=\"20\" height=\"20\" \/><\/a><\/p>\n<p><!--cforms name=\"Contact\"--><\/p>\n\n","protected":false},"excerpt":{"rendered":"<p>Laurent Marot de la Morini\u00e8re &#8211; Lostihuel Braz Apprenti blogueur pas tr\u00e8s loin du Golfe Chef de projet chez Alliacom Agriculteur \u00e0 temps partiel R\u00e9serviste Marine Nationale &nbsp; Mon CV:<\/p>\n","protected":false},"author":1,"featured_media":0,"parent":0,"menu_order":0,"comment_status":"open","ping_status":"open","template":"","meta":{"footnotes":""},"_links":{"self":[{"href":"https:\/\/www.laurentmarot.fr\/wordpress\/index.php?rest_route=\/wp\/v2\/pages\/2"}],"collection":[{"href":"https:\/\/www.laurentmarot.fr\/wordpress\/index.php?rest_route=\/wp\/v2\/pages"}],"about":[{"href":"https:\/\/www.laurentmarot.fr\/wordpress\/index.php?rest_route=\/wp\/v2\/types\/page"}],"author":[{"embeddable":true,"href":"https:\/\/www.laurentmarot.fr\/wordpress\/index.php?rest_route=\/wp\/v2\/users\/1"}],"replies":[{"embeddable":true,"href":"https:\/\/www.laurentmarot.fr\/wordpress\/index.php?rest_route=%2Fwp%2Fv2%2Fcomments&post=2"}],"version-history":[{"count":27,"href":"https:\/\/www.laurentmarot.fr\/wordpress\/index.php?rest_route=\/wp\/v2\/pages\/2\/revisions"}],"predecessor-version":[{"id":8,"href":"https:\/\/www.laurentmarot.fr\/wordpress\/index.php?rest_route=\/wp\/v2\/pages\/2\/revisions\/8"}],"wp:attachment":[{"href":"https:\/\/www.laurentmarot.fr\/wordpress\/index.php?rest_route=%2Fwp%2Fv2%2Fmedia&parent=2"}],"curies":[{"name":"wp","href":"https:\/\/api.w.org\/{rel}","templated":true}]}}