{"id":3,"date":"2008-08-07T16:36:24","date_gmt":"2008-08-07T14:36:24","guid":{"rendered":"http:\/\/www.laurentmarot.fr\/wordpress-2.6\/wordpress\/?page_id=3"},"modified":"2010-12-28T16:29:34","modified_gmt":"2010-12-28T14:29:34","slug":"cest-parti-pour-wordpress","status":"publish","type":"page","link":"https:\/\/www.laurentmarot.fr\/wordpress\/?page_id=3","title":{"rendered":"W0rdPre$$"},"content":{"rendered":"<p>Mon wordpress en ligne !<\/p>\n<p>Bon, au d\u00e9part c&rsquo;est juste un support pour mes formations PMU mais finalement c&rsquo;est plut\u00f4t agr\u00e9able de poursuivre l&rsquo;aventure (surtout quand on d\u00e9couvre le plugin cform !). Juste histoire de tester et comparer en profondeur avec SPIP et Joomla.<\/p>\n<p>Attention, les articles et pages pr\u00e9sent\u00e9s ne sont l\u00e0 qu&rsquo;\u00e0 titre de support de contenu et de mise en forme selon mes aspirations du moment et ne sauraient \u00eatre une pr\u00e9sentation compl\u00e8te et pr\u00e9cise des sujets abord\u00e9s.<\/p>\n<p>LM<\/p>\n\n","protected":false},"excerpt":{"rendered":"<p>Mon wordpress en ligne ! Bon, au d\u00e9part c&rsquo;est juste un support pour mes formations PMU mais finalement c&rsquo;est plut\u00f4t agr\u00e9able de poursuivre l&rsquo;aventure (surtout quand on d\u00e9couvre le plugin cform !). Juste histoire de tester et comparer en profondeur avec SPIP et Joomla. Attention, les articles et pages pr\u00e9sent\u00e9s ne sont l\u00e0 qu&rsquo;\u00e0 titre [&hellip;]<\/p>\n","protected":false},"author":1,"featured_media":0,"parent":0,"menu_order":0,"comment_status":"open","ping_status":"open","template":"","meta":{"footnotes":""},"_links":{"self":[{"href":"https:\/\/www.laurentmarot.fr\/wordpress\/index.php?rest_route=\/wp\/v2\/pages\/3"}],"collection":[{"href":"https:\/\/www.laurentmarot.fr\/wordpress\/index.php?rest_route=\/wp\/v2\/pages"}],"about":[{"href":"https:\/\/www.laurentmarot.fr\/wordpress\/index.php?rest_route=\/wp\/v2\/types\/page"}],"author":[{"embeddable":true,"href":"https:\/\/www.laurentmarot.fr\/wordpress\/index.php?rest_route=\/wp\/v2\/users\/1"}],"replies":[{"embeddable":true,"href":"https:\/\/www.laurentmarot.fr\/wordpress\/index.php?rest_route=%2Fwp%2Fv2%2Fcomments&post=3"}],"version-history":[{"count":9,"href":"https:\/\/www.laurentmarot.fr\/wordpress\/index.php?rest_route=\/wp\/v2\/pages\/3\/revisions"}],"predecessor-version":[{"id":215,"href":"https:\/\/www.laurentmarot.fr\/wordpress\/index.php?rest_route=\/wp\/v2\/pages\/3\/revisions\/215"}],"wp:attachment":[{"href":"https:\/\/www.laurentmarot.fr\/wordpress\/index.php?rest_route=%2Fwp%2Fv2%2Fmedia&parent=3"}],"curies":[{"name":"wp","href":"https:\/\/api.w.org\/{rel}","templated":true}]}}